{"id":298,"date":"2016-01-04T11:44:38","date_gmt":"2016-01-04T10:44:38","guid":{"rendered":"http:\/\/drschmeink.de\/?page_id=298"},"modified":"2016-01-04T11:45:29","modified_gmt":"2016-01-04T10:45:29","slug":"orthopaedie-sportmedizin","status":"publish","type":"page","link":"http:\/\/drschmeink.de\/?page_id=298","title":{"rendered":"Orthop\u00e4die + Sportmedizin"},"content":{"rendered":"<p>ORTHOP\u00c4DIE<\/p>\n<p>Orthop\u00e4die ist die Behandlung der St\u00fctz- und Bewegungsorgane. Sie beinhaltet die Erkrankungen und Verletzungen der Knochen, B\u00e4nder, Muskeln und Gelenke. Auch die metabolischen Erkrankungen der St\u00fctz- und Bewegungsorgane sind hier miteinbezogen.<\/p>\n<p>Das Spektrum der Orthop\u00e4dischen Medizin reicht von angeborenen Fehlbildungen der Wirbels\u00e4ule und Gliedma\u00dfe \u00fcber entz\u00fcndliche Knochen- und Gelenkerkrankungen, Kinderorthop\u00e4die, Onkologie, Rehabilitationsmedizin und technische Versorgung. Als Schnittstelle zur Unfallchirurgie sind auch die Verletzungen des St\u00fctz- und Bewegungsapparates in der Orthop\u00e4die verankert. Wesentliche Abschnitte der konservativen Orthop\u00e4die betreffen die Behandlung akuter und chronischer Schmerzzust\u00e4nde sowie die Wiederherstellung der Form- und Funktionsst\u00f6rungen der betroffene Skelettabschnitte.<\/p>\n<p>Hierzu werden Verb\u00e4nde, orthop\u00e4dische Hilfsmittel, physikalische Therapie, Chirotherapie aber auch eine systemische-pharmakologische Therapie und lokale Injektionen eingesetzt. Im Rahmen der operativen Orthop\u00e4die ist die Beseitigung von strukturelle Sch\u00e4den durch degenerative Prozesse oder als Unfallfolgen am Bewegungsapparat therapeutisches Ziel.<\/p>\n<p>SPORTMEDIZIN<\/p>\n<p>Dieser Abschnitt ist zur Zeit noch in Bearbeitung.<\/p>\n","protected":false},"excerpt":{"rendered":"<p>ORTHOP\u00c4DIE Orthop\u00e4die ist die Behandlung der St\u00fctz- und Bewegungsorgane. Sie beinhaltet die Erkrankungen und Verletzungen der Knochen, B\u00e4nder, Muskeln und Gelenke. Auch die metabolischen Erkrankungen der St\u00fctz- und Bewegungsorgane sind hier miteinbezogen. Das Spektrum der Orthop\u00e4dischen Medizin reicht von angeborenen Fehlbildungen der Wirbels\u00e4ule und Gliedma\u00dfe \u00fcber entz\u00fcndliche Knochen- und Gelenkerkrankungen, Kinderorthop\u00e4die, Onkologie, Rehabilitationsmedizin und technische [&hellip;]<\/p>\n","protected":false},"author":1,"featured_media":0,"parent":0,"menu_order":0,"comment_status":"closed","ping_status":"closed","template":"","meta":[],"_links":{"self":[{"href":"http:\/\/drschmeink.de\/index.php?rest_route=\/wp\/v2\/pages\/298"}],"collection":[{"href":"http:\/\/drschmeink.de\/index.php?rest_route=\/wp\/v2\/pages"}],"about":[{"href":"http:\/\/drschmeink.de\/index.php?rest_route=\/wp\/v2\/types\/page"}],"author":[{"embeddable":true,"href":"http:\/\/drschmeink.de\/index.php?rest_route=\/wp\/v2\/users\/1"}],"replies":[{"embeddable":true,"href":"http:\/\/drschmeink.de\/index.php?rest_route=%2Fwp%2Fv2%2Fcomments&post=298"}],"version-history":[{"count":2,"href":"http:\/\/drschmeink.de\/index.php?rest_route=\/wp\/v2\/pages\/298\/revisions"}],"predecessor-version":[{"id":301,"href":"http:\/\/drschmeink.de\/index.php?rest_route=\/wp\/v2\/pages\/298\/revisions\/301"}],"wp:attachment":[{"href":"http:\/\/drschmeink.de\/index.php?rest_route=%2Fwp%2Fv2%2Fmedia&parent=298"}],"curies":[{"name":"wp","href":"https:\/\/api.w.org\/{rel}","templated":true}]}}