{"id":117,"date":"2016-01-02T21:45:56","date_gmt":"2016-01-02T20:45:56","guid":{"rendered":"http:\/\/drschmeink.de\/?page_id=117"},"modified":"2017-09-28T12:42:49","modified_gmt":"2017-09-28T10:42:49","slug":"ihr-weg-zu-uns","status":"publish","type":"page","link":"https:\/\/drschmeink.de\/?page_id=117","title":{"rendered":"Ihr Weg zu uns"},"content":{"rendered":"<p>Unsere\u00a0Praxis und die Tagesklinik CASINOWALL liegen im Herzen der westf\u00e4lischen Stadt\u00a0Bocholt.<\/p>\n<p>Parkm\u00f6glichkeiten finden sich in den umliegenden Stra\u00dfen (Parkplatz Stadtsparkasse, Schanze, Berliner Platz, Parkhaus Arkaden) sowie direkt vor unseren Praxisr\u00e4umlichkeiten am Casinowall.<\/p>\n<p>Wir m\u00f6chten freundlich daraufhinweisen, dass die Parkpl\u00e4tze unmittelbar vor unserem \u00c4rztehaus am Casinowall den Patienten nur w\u00e4hrend ihrer\u00a0Behandlungszeit zu Verf\u00fcgung stehen. Dies ist besonders wichtig, da\u00a0so\u00a0auch gehandikapte Patienten &#8211; zum Beispiel abends nach einer Operation, die M\u00f6glichkeit zum direkten Parken nutzen k\u00f6nnen.<\/p>\n<p>Die genaue Adresse der Praxis und der Tagesklinik CASINOWALL lautet:<\/p>\n<p><strong><a href=\"https:\/\/www.google.com\/maps\/place\/Casinowall+16,+46399+Bocholt,+Deutschland\/@51.8369304,6.6114882,17z\/data=!3m1!4b1!4m2!3m1!1s0x47b87d8834c5f635:0xfb12d5e94ad22255\">Casinowall 16 &#8211;\u00a046399 Bocholt<\/a><\/strong><\/p>\n<p>W\u00e4hrend der Herbstkirmes ist zu beachten, dass ein Anfahren der Praxisr\u00e4ume am besten aus Richtung der Bocholter Arkaden \u00fcber die Ludwig-Erhardt-Stra\u00dfe,\u00a0die Aa und dann links abbiegend in den Casinowall erfolgt, da die Schanze meist fr\u00fchzeitig gesperrt wird.<\/p>\n<p><a href=\"http:\/\/drschmeink.de\/wp-content\/uploads\/2016\/01\/stadtkarte_bocholt-1.gif\" rel=\"attachment wp-att-130\"><img decoding=\"async\" loading=\"lazy\" class=\"size-medium wp-image-130 alignleft\" src=\"http:\/\/drschmeink.de\/wp-content\/uploads\/2016\/01\/stadtkarte_bocholt-1-300x239.gif\" alt=\"stadtkarte_bocholt\" width=\"300\" height=\"239\" \/><\/a><\/p>\n","protected":false},"excerpt":{"rendered":"<p>Unsere\u00a0Praxis und die Tagesklinik CASINOWALL liegen im Herzen der westf\u00e4lischen Stadt\u00a0Bocholt. Parkm\u00f6glichkeiten finden sich in den umliegenden Stra\u00dfen (Parkplatz Stadtsparkasse, Schanze, Berliner Platz, Parkhaus Arkaden) sowie direkt vor unseren Praxisr\u00e4umlichkeiten am Casinowall. Wir m\u00f6chten freundlich daraufhinweisen, dass die Parkpl\u00e4tze unmittelbar vor unserem \u00c4rztehaus am Casinowall den Patienten nur w\u00e4hrend ihrer\u00a0Behandlungszeit zu Verf\u00fcgung stehen. Dies ist [&hellip;]<\/p>\n","protected":false},"author":1,"featured_media":0,"parent":0,"menu_order":0,"comment_status":"closed","ping_status":"closed","template":"","meta":[],"_links":{"self":[{"href":"https:\/\/drschmeink.de\/index.php?rest_route=\/wp\/v2\/pages\/117"}],"collection":[{"href":"https:\/\/drschmeink.de\/index.php?rest_route=\/wp\/v2\/pages"}],"about":[{"href":"https:\/\/drschmeink.de\/index.php?rest_route=\/wp\/v2\/types\/page"}],"author":[{"embeddable":true,"href":"https:\/\/drschmeink.de\/index.php?rest_route=\/wp\/v2\/users\/1"}],"replies":[{"embeddable":true,"href":"https:\/\/drschmeink.de\/index.php?rest_route=%2Fwp%2Fv2%2Fcomments&post=117"}],"version-history":[{"count":11,"href":"https:\/\/drschmeink.de\/index.php?rest_route=\/wp\/v2\/pages\/117\/revisions"}],"predecessor-version":[{"id":325,"href":"https:\/\/drschmeink.de\/index.php?rest_route=\/wp\/v2\/pages\/117\/revisions\/325"}],"wp:attachment":[{"href":"https:\/\/drschmeink.de\/index.php?rest_route=%2Fwp%2Fv2%2Fmedia&parent=117"}],"curies":[{"name":"wp","href":"https:\/\/api.w.org\/{rel}","templated":true}]}}