{"id":67,"date":"2015-09-13T14:04:41","date_gmt":"2015-09-13T14:04:41","guid":{"rendered":"http:\/\/drschmeink.de\/?page_id=67"},"modified":"2017-09-28T17:23:41","modified_gmt":"2017-09-28T15:23:41","slug":"praxis-dr-ludger-heinrich-schmeink","status":"publish","type":"page","link":"https:\/\/drschmeink.de\/","title":{"rendered":"Willkommen auf unserer Website"},"content":{"rendered":"<blockquote><p>Noch ist unsere Praxis-Website\u00a0in Bearbeitung \u2013 gerne haben wir bereits erste Informationen f\u00fcr Sie zusammengestellt.<\/p><\/blockquote>\n<p>Herzlich Willkommen auf der neuen Internetpr\u00e4senz der Orthop\u00e4dischen\u00a0Praxis und Tagesklinik CASINOWALL von Dr. Ludger Heinrich Schmeink im westf\u00e4lischen Bocholt.<\/p>\n<p>Wir wollen Ihnen hiermit einen Einblick \u00fcber unsere diagnostischen und therapeutischen Leistungen geben und hoffen, Ihnen auf diesen Seiten\u00a0erste Informationen an die Hand geben zu k\u00f6nnen.<\/p>\n<p>Termine k\u00f6nnen Sie gerne telefonisch unter der Telefonnummer 02871\u201370 99\u00a0vereinbaren.<\/p>\n<p>Die Tagesklinik CASINOWALL erreichen Sie an den Operationstagen unter der Telefonnummer 02871\u201370 01.<\/p>\n<p>Ihr Praxis \u2013 Team vom Casinowall<\/p>\n<p>&nbsp;<\/p>\n","protected":false},"excerpt":{"rendered":"<p>Noch ist unsere Praxis-Website\u00a0in Bearbeitung \u2013 gerne haben wir bereits erste Informationen f\u00fcr Sie zusammengestellt. Herzlich Willkommen auf der neuen Internetpr\u00e4senz der Orthop\u00e4dischen\u00a0Praxis und Tagesklinik CASINOWALL von Dr. Ludger Heinrich Schmeink im westf\u00e4lischen Bocholt. Wir wollen Ihnen hiermit einen Einblick \u00fcber unsere diagnostischen und therapeutischen Leistungen geben und hoffen, Ihnen auf diesen Seiten\u00a0erste Informationen an [&hellip;]<\/p>\n","protected":false},"author":1,"featured_media":0,"parent":0,"menu_order":0,"comment_status":"closed","ping_status":"closed","template":"","meta":[],"_links":{"self":[{"href":"https:\/\/drschmeink.de\/index.php?rest_route=\/wp\/v2\/pages\/67"}],"collection":[{"href":"https:\/\/drschmeink.de\/index.php?rest_route=\/wp\/v2\/pages"}],"about":[{"href":"https:\/\/drschmeink.de\/index.php?rest_route=\/wp\/v2\/types\/page"}],"author":[{"embeddable":true,"href":"https:\/\/drschmeink.de\/index.php?rest_route=\/wp\/v2\/users\/1"}],"replies":[{"embeddable":true,"href":"https:\/\/drschmeink.de\/index.php?rest_route=%2Fwp%2Fv2%2Fcomments&post=67"}],"version-history":[{"count":19,"href":"https:\/\/drschmeink.de\/index.php?rest_route=\/wp\/v2\/pages\/67\/revisions"}],"predecessor-version":[{"id":331,"href":"https:\/\/drschmeink.de\/index.php?rest_route=\/wp\/v2\/pages\/67\/revisions\/331"}],"wp:attachment":[{"href":"https:\/\/drschmeink.de\/index.php?rest_route=%2Fwp%2Fv2%2Fmedia&parent=67"}],"curies":[{"name":"wp","href":"https:\/\/api.w.org\/{rel}","templated":true}]}}